{"id":138,"date":"2022-01-14T17:58:41","date_gmt":"2022-01-14T17:58:41","guid":{"rendered":"https:\/\/panaze.ch\/?page_id=138"},"modified":"2022-09-26T10:55:41","modified_gmt":"2022-09-26T10:55:41","slug":"zauberboxes","status":"publish","type":"page","link":"https:\/\/wolkentanz7.ch\/?page_id=138","title":{"rendered":"Naturrituale"},"content":{"rendered":"\n<figure class=\"wp-block-gallery aligncenter has-nested-images columns-default is-cropped coblocks-animate wp-block-gallery-1 is-layout-flex wp-block-gallery-is-layout-flex\" data-coblocks-animation=\"zoomIn\">\n<figure class=\"wp-block-image size-large\"><img loading=\"lazy\" decoding=\"async\" width=\"1024\" height=\"725\" data-id=\"408\" src=\"https:\/\/panaze.ch\/wp-content\/uploads\/2022\/08\/IMG-20201231-WA0015-1024x725.jpg\" alt=\"\" class=\"wp-image-408\" srcset=\"https:\/\/wolkentanz7.ch\/wp-content\/uploads\/2022\/08\/IMG-20201231-WA0015-1024x725.jpg 1024w, https:\/\/wolkentanz7.ch\/wp-content\/uploads\/2022\/08\/IMG-20201231-WA0015-300x212.jpg 300w, https:\/\/wolkentanz7.ch\/wp-content\/uploads\/2022\/08\/IMG-20201231-WA0015-768x544.jpg 768w, https:\/\/wolkentanz7.ch\/wp-content\/uploads\/2022\/08\/IMG-20201231-WA0015-1536x1088.jpg 1536w, https:\/\/wolkentanz7.ch\/wp-content\/uploads\/2022\/08\/IMG-20201231-WA0015.jpg 2048w\" sizes=\"auto, (max-width: 1024px) 100vw, 1024px\" \/><\/figure>\n\n\n\n<figure class=\"wp-block-image size-large\"><img loading=\"lazy\" decoding=\"async\" width=\"1024\" height=\"1024\" data-id=\"163\" src=\"https:\/\/panaze.ch\/wp-content\/uploads\/2022\/03\/20200105_153026-1024x1024.jpg\" alt=\"\" class=\"wp-image-163\" srcset=\"https:\/\/wolkentanz7.ch\/wp-content\/uploads\/2022\/03\/20200105_153026-1024x1024.jpg 1024w, https:\/\/wolkentanz7.ch\/wp-content\/uploads\/2022\/03\/20200105_153026-300x300.jpg 300w, https:\/\/wolkentanz7.ch\/wp-content\/uploads\/2022\/03\/20200105_153026-150x150.jpg 150w, https:\/\/wolkentanz7.ch\/wp-content\/uploads\/2022\/03\/20200105_153026-768x768.jpg 768w, https:\/\/wolkentanz7.ch\/wp-content\/uploads\/2022\/03\/20200105_153026-1536x1536.jpg 1536w, https:\/\/wolkentanz7.ch\/wp-content\/uploads\/2022\/03\/20200105_153026.jpg 1920w\" sizes=\"auto, (max-width: 1024px) 100vw, 1024px\" \/><\/figure>\n\n\n\n<figure class=\"wp-block-image size-large\"><img loading=\"lazy\" decoding=\"async\" width=\"576\" height=\"1024\" data-id=\"153\" src=\"https:\/\/panaze.ch\/wp-content\/uploads\/2022\/02\/cropped-20210918_145418-scaled-1-576x1024.jpg\" alt=\"\" class=\"wp-image-153\" srcset=\"https:\/\/wolkentanz7.ch\/wp-content\/uploads\/2022\/02\/cropped-20210918_145418-scaled-1-576x1024.jpg 576w, https:\/\/wolkentanz7.ch\/wp-content\/uploads\/2022\/02\/cropped-20210918_145418-scaled-1-169x300.jpg 169w, https:\/\/wolkentanz7.ch\/wp-content\/uploads\/2022\/02\/cropped-20210918_145418-scaled-1-768x1365.jpg 768w, https:\/\/wolkentanz7.ch\/wp-content\/uploads\/2022\/02\/cropped-20210918_145418-scaled-1-864x1536.jpg 864w, https:\/\/wolkentanz7.ch\/wp-content\/uploads\/2022\/02\/cropped-20210918_145418-scaled-1-1152x2048.jpg 1152w, https:\/\/wolkentanz7.ch\/wp-content\/uploads\/2022\/02\/cropped-20210918_145418-scaled-1.jpg 1440w\" sizes=\"auto, (max-width: 576px) 100vw, 576px\" \/><\/figure>\n\n\n\n<figure class=\"wp-block-image size-large is-style-bottom-wave coblocks-animate has-filter-saturation\" data-coblocks-animation=\"zoomIn\"><img loading=\"lazy\" decoding=\"async\" width=\"1024\" height=\"683\" data-id=\"415\" src=\"https:\/\/panaze.ch\/wp-content\/uploads\/2022\/08\/DSC01999-1024x683.jpg\" alt=\"\" class=\"wp-image-415\" srcset=\"https:\/\/wolkentanz7.ch\/wp-content\/uploads\/2022\/08\/DSC01999-1024x683.jpg 1024w, https:\/\/wolkentanz7.ch\/wp-content\/uploads\/2022\/08\/DSC01999-300x200.jpg 300w, https:\/\/wolkentanz7.ch\/wp-content\/uploads\/2022\/08\/DSC01999-768x512.jpg 768w, https:\/\/wolkentanz7.ch\/wp-content\/uploads\/2022\/08\/DSC01999-1536x1024.jpg 1536w, https:\/\/wolkentanz7.ch\/wp-content\/uploads\/2022\/08\/DSC01999-2048x1365.jpg 2048w\" sizes=\"auto, (max-width: 1024px) 100vw, 1024px\" \/><\/figure>\n\n\n\n<figure class=\"wp-block-image size-large is-style-bottom-wave\"><img loading=\"lazy\" decoding=\"async\" width=\"756\" height=\"1024\" data-id=\"409\" src=\"https:\/\/panaze.ch\/wp-content\/uploads\/2022\/08\/IMG_20220827_100231-756x1024.jpg\" alt=\"\" class=\"wp-image-409\" srcset=\"https:\/\/wolkentanz7.ch\/wp-content\/uploads\/2022\/08\/IMG_20220827_100231-756x1024.jpg 756w, https:\/\/wolkentanz7.ch\/wp-content\/uploads\/2022\/08\/IMG_20220827_100231-221x300.jpg 221w, https:\/\/wolkentanz7.ch\/wp-content\/uploads\/2022\/08\/IMG_20220827_100231-768x1040.jpg 768w, https:\/\/wolkentanz7.ch\/wp-content\/uploads\/2022\/08\/IMG_20220827_100231-1134x1536.jpg 1134w, https:\/\/wolkentanz7.ch\/wp-content\/uploads\/2022\/08\/IMG_20220827_100231-1512x2048.jpg 1512w, https:\/\/wolkentanz7.ch\/wp-content\/uploads\/2022\/08\/IMG_20220827_100231-scaled.jpg 1890w\" sizes=\"auto, (max-width: 756px) 100vw, 756px\" \/><\/figure>\n<figcaption class=\"blocks-gallery-caption\"><strong><mark style=\"background-color:rgba(0, 0, 0, 0)\" class=\"has-inline-color has-secondary-color\">Naturzauber jedes Bild ein Schl\u00fcssel, in dich und in die Natur einzutauchen. Schau hinein, was f\u00fchlst du, was siehst du, welche Geschichte erz\u00e4hlt das Licht, was f\u00fchlt das Gr\u00fcn, wo m\u00f6chtest du sein, was entsteht im Dunkel. MAWA Zeit Katharina<\/mark><\/strong><\/figcaption><\/figure>\n\n\n\n<div class=\"wp-block-media-text alignwide is-stacked-on-mobile\"><figure class=\"wp-block-media-text__media\"><img loading=\"lazy\" decoding=\"async\" width=\"1024\" height=\"1024\" src=\"https:\/\/panaze.ch\/wp-content\/uploads\/2022\/05\/20211004_212828-1024x1024.jpg\" alt=\"\" class=\"wp-image-246 size-full\" srcset=\"https:\/\/wolkentanz7.ch\/wp-content\/uploads\/2022\/05\/20211004_212828-1024x1024.jpg 1024w, https:\/\/wolkentanz7.ch\/wp-content\/uploads\/2022\/05\/20211004_212828-300x300.jpg 300w, https:\/\/wolkentanz7.ch\/wp-content\/uploads\/2022\/05\/20211004_212828-150x150.jpg 150w, https:\/\/wolkentanz7.ch\/wp-content\/uploads\/2022\/05\/20211004_212828-768x768.jpg 768w, https:\/\/wolkentanz7.ch\/wp-content\/uploads\/2022\/05\/20211004_212828-1536x1536.jpg 1536w, https:\/\/wolkentanz7.ch\/wp-content\/uploads\/2022\/05\/20211004_212828-2048x2048.jpg 2048w\" sizes=\"auto, (max-width: 1024px) 100vw, 1024px\" \/><\/figure><div class=\"wp-block-media-text__content\">\n<p class=\"has-large-font-size\">Naturrituale <\/p>\n\n\n\n<p>Rituale bewegen unsere Welten; sie helfen, Prozesse zu erkennen und Schritte darin mit Symbolhandlung zu gehen.<\/p>\n\n\n\n<p>Es k\u00f6nnen Rituale sein in Gemeinschaften oder Einzelpersonen, zum Thema Verbindung feiern, Trauer, Abschied oder auch innere Entwicklungsprozesse sichtbar machen.<\/p>\n\n\n\n<p>Wie ein Ritual genau aussehen wird, diesen Weg gehen wir gemeinsam, wir lassen es wachsen und in der Ann\u00e4herung an deine Anliegen entsteht das Ritual, das wir dann gemeinsam feiern. Meine Ideen und die Wahlm\u00f6glichkeiten, die ich dir gebe, lassen ein ganz eigenes, auf dich abgestimmtes Ritual entstehen.<\/p>\n\n\n\n<p>Als Ma Schamanin habe ich selber schon viele eigene Rituale erfahren. Sie lassen mich ganz werden und helfen mir, mich mit der Natur zu verbinden. Mit Holz, Bl\u00e4ttern und kunterbuntem Material, was mir in die H\u00e4nde &#8222;f\u00e4llt&#8220;, entstehen Kraftobjekte, die uns im Alltag st\u00e4rken k\u00f6nnen. Wir k\u00f6nnen diese gemeinsam herstellen oder es ist auch m\u00f6glich, manches bei mir zu beziehen.<\/p>\n\n\n\n<p>Im Wald finde ich Inspiration und erkenne Lebensprozesse und Lebensabbildungen die wegweisend sein k\u00f6nnen. Finde deine Wegweiser in der Natur.<\/p>\n\n\n\n<p class=\"has-colibri-color-6-color has-colibri-color-5-background-color has-text-color has-background coblocks-animate\" data-coblocks-animation=\"zoomIn\">Gerne begleite ich dich auf deinem Weg. <\/p>\n\n\n\n<p class=\"has-colibri-color-6-color has-colibri-color-5-background-color has-text-color has-background coblocks-animate\" data-coblocks-animation=\"zoomIn\">Rituale f\u00fcr dich in deiner Vielfalt. Rituale einzeln oder in kleinen und gr\u00f6sseren Gruppen.<\/p>\n\n\n\n<p class=\"has-colibri-color-6-color has-colibri-color-5-background-color has-text-color has-background coblocks-animate\" data-coblocks-animation=\"zoomIn\">Rituale mit kreamagischem Arbeiten.<\/p>\n\n\n\n<p><\/p>\n\n\n\n<p class=\"has-colibri-color-5-background-color has-background\">MaWA Zeit ist eine TraumZeit, in der die Zwischenwelt wach und da ist, krea-magisch wirken kann.<\/p>\n\n\n\n<p>MaWa Katharina <\/p>\n\n\n\n<p><\/p>\n<\/div><\/div>\n\n\n\n<figure class=\"wp-block-image size-large\"><img loading=\"lazy\" decoding=\"async\" width=\"1024\" height=\"576\" src=\"https:\/\/panaze.ch\/wp-content\/uploads\/2022\/01\/20211101_105237-1024x576.jpg\" alt=\"\" class=\"wp-image-139\" srcset=\"https:\/\/wolkentanz7.ch\/wp-content\/uploads\/2022\/01\/20211101_105237-1024x576.jpg 1024w, https:\/\/wolkentanz7.ch\/wp-content\/uploads\/2022\/01\/20211101_105237-300x169.jpg 300w, https:\/\/wolkentanz7.ch\/wp-content\/uploads\/2022\/01\/20211101_105237-768x432.jpg 768w, https:\/\/wolkentanz7.ch\/wp-content\/uploads\/2022\/01\/20211101_105237-1536x864.jpg 1536w, https:\/\/wolkentanz7.ch\/wp-content\/uploads\/2022\/01\/20211101_105237-2048x1152.jpg 2048w\" sizes=\"auto, (max-width: 1024px) 100vw, 1024px\" \/><\/figure>\n\n\n\n<p>Ich stelle kleine Zauberboxen zusammen, je nach Anlass und Thema. <\/p>\n\n\n\n<p>Jedes Bild ein Schl\u00fcssel, der ins Innere f\u00fchrt.<\/p>\n\n\n\n<p><\/p>\n","protected":false},"excerpt":{"rendered":"<p>Naturrituale Rituale bewegen unsere Welten; sie helfen, Prozesse zu erkennen und Schritte darin mit Symbolhandlung zu gehen. Es k\u00f6nnen Rituale sein in Gemeinschaften oder Einzelpersonen, zum Thema Verbindung feiern, Trauer, Abschied oder auch innere Entwicklungsprozesse sichtbar machen. Wie ein Ritual genau aussehen wird, diesen Weg gehen wir gemeinsam, wir lassen es wachsen und in der [&hellip;]<\/p>\n","protected":false},"author":2,"featured_media":0,"parent":0,"menu_order":0,"comment_status":"closed","ping_status":"closed","template":"","meta":{"_coblocks_attr":"","_coblocks_dimensions":"","_coblocks_responsive_height":"","_coblocks_accordion_ie_support":"","footnotes":""},"class_list":["post-138","page","type-page","status-publish","hentry"],"_links":{"self":[{"href":"https:\/\/wolkentanz7.ch\/index.php?rest_route=\/wp\/v2\/pages\/138","targetHints":{"allow":["GET"]}}],"collection":[{"href":"https:\/\/wolkentanz7.ch\/index.php?rest_route=\/wp\/v2\/pages"}],"about":[{"href":"https:\/\/wolkentanz7.ch\/index.php?rest_route=\/wp\/v2\/types\/page"}],"author":[{"embeddable":true,"href":"https:\/\/wolkentanz7.ch\/index.php?rest_route=\/wp\/v2\/users\/2"}],"replies":[{"embeddable":true,"href":"https:\/\/wolkentanz7.ch\/index.php?rest_route=%2Fwp%2Fv2%2Fcomments&post=138"}],"version-history":[{"count":26,"href":"https:\/\/wolkentanz7.ch\/index.php?rest_route=\/wp\/v2\/pages\/138\/revisions"}],"predecessor-version":[{"id":511,"href":"https:\/\/wolkentanz7.ch\/index.php?rest_route=\/wp\/v2\/pages\/138\/revisions\/511"}],"wp:attachment":[{"href":"https:\/\/wolkentanz7.ch\/index.php?rest_route=%2Fwp%2Fv2%2Fmedia&parent=138"}],"curies":[{"name":"wp","href":"https:\/\/api.w.org\/{rel}","templated":true}]}}