{"id":252,"date":"2022-07-10T15:06:35","date_gmt":"2022-07-10T15:06:35","guid":{"rendered":"https:\/\/panaze.ch\/?page_id=252"},"modified":"2022-09-26T12:31:09","modified_gmt":"2022-09-26T12:31:09","slug":"shop","status":"publish","type":"page","link":"https:\/\/wolkentanz7.ch\/?page_id=252","title":{"rendered":"Shop"},"content":{"rendered":"\n<p>Geschenke f\u00fcr dich als Inspiration und f\u00fcr deine Lieben.<\/p>\n\n\n\n<ul class=\"wp-block-list\"><li>Baumharzsalbe <\/li><li>Pflanzenlik\u00f6r<\/li><li>Naturmagie krea-magische Gegenst\u00e4nde<\/li><li>Naturbilder Karten  <\/li><li>Naturbilderboxen individuell f\u00fcr dich zusammengestellt. Du sagts mir deine Anliegen und ich w\u00e4hle dir dazu Bilder aus. <\/li><li>Naturbilderboxen f\u00fcr die Jahreskreisfeste<\/li><\/ul>\n\n\n\n<p style=\"font-size:15px\">Preise auf Anfrage<\/p>\n\n\n\n<div aria-label=\"Collage Gallery\" class=\"wp-block-coblocks-gallery-collage alignwide has-small-gutter\"><ul><li class=\"wp-block-coblocks-gallery-collage__item item-1\"><figure class=\"wp-block-coblocks-gallery-collage__figure\"><img loading=\"lazy\" decoding=\"async\" width=\"576\" height=\"1024\" alt=\"\" class=\"wp-image-474\" data-id=\"474\" data-index=\"0\" src=\"https:\/\/panaze.ch\/wp-content\/uploads\/2022\/09\/20211101_105041-576x1024.jpg\" srcset=\"https:\/\/wolkentanz7.ch\/wp-content\/uploads\/2022\/09\/20211101_105041-576x1024.jpg 576w, https:\/\/wolkentanz7.ch\/wp-content\/uploads\/2022\/09\/20211101_105041-169x300.jpg 169w, https:\/\/wolkentanz7.ch\/wp-content\/uploads\/2022\/09\/20211101_105041-768x1365.jpg 768w, https:\/\/wolkentanz7.ch\/wp-content\/uploads\/2022\/09\/20211101_105041-864x1536.jpg 864w, https:\/\/wolkentanz7.ch\/wp-content\/uploads\/2022\/09\/20211101_105041-1152x2048.jpg 1152w, https:\/\/wolkentanz7.ch\/wp-content\/uploads\/2022\/09\/20211101_105041-scaled.jpg 1440w\" sizes=\"auto, (max-width: 576px) 100vw, 576px\" \/><\/figure><\/li><li class=\"wp-block-coblocks-gallery-collage__item item-2\"><figure class=\"wp-block-coblocks-gallery-collage__figure\"><img loading=\"lazy\" decoding=\"async\" width=\"756\" height=\"1024\" alt=\"\" class=\"wp-image-409\" data-id=\"409\" data-imglink=\"\" data-index=\"1\" data-link=\"https:\/\/panaze.ch\/zauberboxes\/img_20220827_100231\/\" src=\"https:\/\/panaze.ch\/wp-content\/uploads\/2022\/08\/IMG_20220827_100231-756x1024.jpg\" srcset=\"https:\/\/wolkentanz7.ch\/wp-content\/uploads\/2022\/08\/IMG_20220827_100231-756x1024.jpg 756w, https:\/\/wolkentanz7.ch\/wp-content\/uploads\/2022\/08\/IMG_20220827_100231-221x300.jpg 221w, https:\/\/wolkentanz7.ch\/wp-content\/uploads\/2022\/08\/IMG_20220827_100231-768x1040.jpg 768w, https:\/\/wolkentanz7.ch\/wp-content\/uploads\/2022\/08\/IMG_20220827_100231-1134x1536.jpg 1134w, https:\/\/wolkentanz7.ch\/wp-content\/uploads\/2022\/08\/IMG_20220827_100231-1512x2048.jpg 1512w, https:\/\/wolkentanz7.ch\/wp-content\/uploads\/2022\/08\/IMG_20220827_100231-scaled.jpg 1890w\" sizes=\"auto, (max-width: 756px) 100vw, 756px\" \/><\/figure><\/li><li class=\"wp-block-coblocks-gallery-collage__item item-3\"><figure class=\"wp-block-coblocks-gallery-collage__figure\"><img loading=\"lazy\" decoding=\"async\" width=\"768\" height=\"1024\" alt=\"\" class=\"wp-image-473\" data-id=\"473\" data-imglink=\"\" data-index=\"2\" data-link=\"https:\/\/panaze.ch\/shop\/img20220529083611\/\" src=\"https:\/\/panaze.ch\/wp-content\/uploads\/2022\/09\/IMG20220529083611-768x1024.jpg\" srcset=\"https:\/\/wolkentanz7.ch\/wp-content\/uploads\/2022\/09\/IMG20220529083611-768x1024.jpg 768w, https:\/\/wolkentanz7.ch\/wp-content\/uploads\/2022\/09\/IMG20220529083611-225x300.jpg 225w, https:\/\/wolkentanz7.ch\/wp-content\/uploads\/2022\/09\/IMG20220529083611-1152x1536.jpg 1152w, https:\/\/wolkentanz7.ch\/wp-content\/uploads\/2022\/09\/IMG20220529083611-1536x2048.jpg 1536w, https:\/\/wolkentanz7.ch\/wp-content\/uploads\/2022\/09\/IMG20220529083611-scaled.jpg 1920w\" sizes=\"auto, (max-width: 768px) 100vw, 768px\" \/><\/figure><\/li><li class=\"wp-block-coblocks-gallery-collage__item item-4\"><figure class=\"wp-block-coblocks-gallery-collage__figure\"><img loading=\"lazy\" decoding=\"async\" width=\"1024\" height=\"576\" alt=\"\" class=\"wp-image-232\" data-id=\"232\" data-imglink=\"\" data-index=\"3\" data-link=\"https:\/\/panaze.ch\/marte-meo\/20200702_172415\/\" src=\"https:\/\/panaze.ch\/wp-content\/uploads\/2022\/03\/20200702_172415-1024x576.jpg\" srcset=\"https:\/\/wolkentanz7.ch\/wp-content\/uploads\/2022\/03\/20200702_172415-1024x576.jpg 1024w, https:\/\/wolkentanz7.ch\/wp-content\/uploads\/2022\/03\/20200702_172415-300x169.jpg 300w, https:\/\/wolkentanz7.ch\/wp-content\/uploads\/2022\/03\/20200702_172415-768x432.jpg 768w, https:\/\/wolkentanz7.ch\/wp-content\/uploads\/2022\/03\/20200702_172415-1536x864.jpg 1536w, https:\/\/wolkentanz7.ch\/wp-content\/uploads\/2022\/03\/20200702_172415-2048x1152.jpg 2048w\" sizes=\"auto, (max-width: 1024px) 100vw, 1024px\" \/><\/figure><\/li><li class=\"wp-block-coblocks-gallery-collage__item item-5\"><figure class=\"wp-block-coblocks-gallery-collage__figure\"><img loading=\"lazy\" decoding=\"async\" width=\"768\" height=\"1024\" alt=\"\" class=\"wp-image-214\" data-id=\"214\" data-imglink=\"\" data-index=\"4\" data-link=\"https:\/\/panaze.ch\/zauberboxes\/20141231_161321-2\/\" src=\"https:\/\/panaze.ch\/wp-content\/uploads\/2022\/03\/20141231_161321-768x1024.jpg\" srcset=\"https:\/\/wolkentanz7.ch\/wp-content\/uploads\/2022\/03\/20141231_161321-768x1024.jpg 768w, https:\/\/wolkentanz7.ch\/wp-content\/uploads\/2022\/03\/20141231_161321-225x300.jpg 225w, https:\/\/wolkentanz7.ch\/wp-content\/uploads\/2022\/03\/20141231_161321-1152x1536.jpg 1152w, https:\/\/wolkentanz7.ch\/wp-content\/uploads\/2022\/03\/20141231_161321-1536x2048.jpg 1536w, https:\/\/wolkentanz7.ch\/wp-content\/uploads\/2022\/03\/20141231_161321-scaled.jpg 1920w\" sizes=\"auto, (max-width: 768px) 100vw, 768px\" \/><\/figure><\/li><\/ul><\/div>\n\n\n\n<div aria-label=\"Collage Gallery\" class=\"wp-block-coblocks-gallery-collage alignwide has-caption-style-dark has-small-gutter\"><ul><li class=\"wp-block-coblocks-gallery-collage__item item-1\"><figure class=\"wp-block-coblocks-gallery-collage__figure\"><img loading=\"lazy\" decoding=\"async\" width=\"1024\" height=\"576\" alt=\"\" class=\"wp-image-475\" data-id=\"475\" data-index=\"0\" src=\"https:\/\/panaze.ch\/wp-content\/uploads\/2022\/09\/20211101_105454-1024x576.jpg\" srcset=\"https:\/\/wolkentanz7.ch\/wp-content\/uploads\/2022\/09\/20211101_105454-1024x576.jpg 1024w, https:\/\/wolkentanz7.ch\/wp-content\/uploads\/2022\/09\/20211101_105454-300x169.jpg 300w, https:\/\/wolkentanz7.ch\/wp-content\/uploads\/2022\/09\/20211101_105454-768x432.jpg 768w, https:\/\/wolkentanz7.ch\/wp-content\/uploads\/2022\/09\/20211101_105454-1536x864.jpg 1536w, https:\/\/wolkentanz7.ch\/wp-content\/uploads\/2022\/09\/20211101_105454-2048x1152.jpg 2048w\" sizes=\"auto, (max-width: 1024px) 100vw, 1024px\" \/><figcaption class=\"wp-block-coblocks-gallery-collage__caption\"><\/figcaption><\/figure><\/li><li class=\"wp-block-coblocks-gallery-collage__item item-2\"><figure class=\"wp-block-coblocks-gallery-collage__figure\"><img loading=\"lazy\" decoding=\"async\" width=\"1024\" height=\"1024\" alt=\"\" class=\"wp-image-246\" data-id=\"246\" data-imglink=\"\" data-index=\"1\" data-link=\"https:\/\/panaze.ch\/zauberboxes\/20211004_212828\/\" src=\"https:\/\/panaze.ch\/wp-content\/uploads\/2022\/05\/20211004_212828-1024x1024.jpg\" srcset=\"https:\/\/wolkentanz7.ch\/wp-content\/uploads\/2022\/05\/20211004_212828-1024x1024.jpg 1024w, https:\/\/wolkentanz7.ch\/wp-content\/uploads\/2022\/05\/20211004_212828-300x300.jpg 300w, https:\/\/wolkentanz7.ch\/wp-content\/uploads\/2022\/05\/20211004_212828-150x150.jpg 150w, https:\/\/wolkentanz7.ch\/wp-content\/uploads\/2022\/05\/20211004_212828-768x768.jpg 768w, https:\/\/wolkentanz7.ch\/wp-content\/uploads\/2022\/05\/20211004_212828-1536x1536.jpg 1536w, https:\/\/wolkentanz7.ch\/wp-content\/uploads\/2022\/05\/20211004_212828-2048x2048.jpg 2048w\" sizes=\"auto, (max-width: 1024px) 100vw, 1024px\" \/><figcaption class=\"wp-block-coblocks-gallery-collage__caption\"><\/figcaption><\/figure><\/li><li class=\"wp-block-coblocks-gallery-collage__item item-3\"><figure class=\"wp-block-coblocks-gallery-collage__figure\"><img loading=\"lazy\" decoding=\"async\" width=\"1024\" height=\"1024\" alt=\"\" class=\"wp-image-171\" data-id=\"171\" data-imglink=\"\" data-index=\"2\" data-link=\"https:\/\/panaze.ch\/zauberboxes\/20200105_153026-1\/\" src=\"https:\/\/panaze.ch\/wp-content\/uploads\/2022\/03\/20200105_153026-1-1024x1024.jpg\" srcset=\"https:\/\/wolkentanz7.ch\/wp-content\/uploads\/2022\/03\/20200105_153026-1-1024x1024.jpg 1024w, https:\/\/wolkentanz7.ch\/wp-content\/uploads\/2022\/03\/20200105_153026-1-300x300.jpg 300w, https:\/\/wolkentanz7.ch\/wp-content\/uploads\/2022\/03\/20200105_153026-1-150x150.jpg 150w, https:\/\/wolkentanz7.ch\/wp-content\/uploads\/2022\/03\/20200105_153026-1-768x768.jpg 768w, https:\/\/wolkentanz7.ch\/wp-content\/uploads\/2022\/03\/20200105_153026-1-1536x1536.jpg 1536w, https:\/\/wolkentanz7.ch\/wp-content\/uploads\/2022\/03\/20200105_153026-1.jpg 1920w\" sizes=\"auto, (max-width: 1024px) 100vw, 1024px\" \/><figcaption class=\"wp-block-coblocks-gallery-collage__caption\"><\/figcaption><\/figure><\/li><li class=\"wp-block-coblocks-gallery-collage__item item-4\"><figure class=\"wp-block-coblocks-gallery-collage__figure\"><img loading=\"lazy\" decoding=\"async\" width=\"1024\" height=\"683\" alt=\"\" class=\"wp-image-356\" data-id=\"356\" data-imglink=\"\" data-index=\"3\" data-link=\"https:\/\/panaze.ch\/dsc08365\/\" src=\"https:\/\/panaze.ch\/wp-content\/uploads\/2022\/07\/DSC08365-1024x683.jpg\" srcset=\"https:\/\/wolkentanz7.ch\/wp-content\/uploads\/2022\/07\/DSC08365-1024x683.jpg 1024w, https:\/\/wolkentanz7.ch\/wp-content\/uploads\/2022\/07\/DSC08365-300x200.jpg 300w, https:\/\/wolkentanz7.ch\/wp-content\/uploads\/2022\/07\/DSC08365-768x512.jpg 768w, https:\/\/wolkentanz7.ch\/wp-content\/uploads\/2022\/07\/DSC08365-1536x1024.jpg 1536w, https:\/\/wolkentanz7.ch\/wp-content\/uploads\/2022\/07\/DSC08365-2048x1365.jpg 2048w\" sizes=\"auto, (max-width: 1024px) 100vw, 1024px\" \/><figcaption class=\"wp-block-coblocks-gallery-collage__caption\"><\/figcaption><\/figure><\/li><li class=\"wp-block-coblocks-gallery-collage__item item-5\"><figure class=\"wp-block-coblocks-gallery-collage__figure\"><img loading=\"lazy\" decoding=\"async\" width=\"1024\" height=\"683\" alt=\"\" class=\"wp-image-415\" data-id=\"415\" data-imglink=\"\" data-index=\"4\" data-link=\"https:\/\/panaze.ch\/zauberboxes\/dsc01999\/\" src=\"https:\/\/panaze.ch\/wp-content\/uploads\/2022\/08\/DSC01999-1024x683.jpg\" srcset=\"https:\/\/wolkentanz7.ch\/wp-content\/uploads\/2022\/08\/DSC01999-1024x683.jpg 1024w, https:\/\/wolkentanz7.ch\/wp-content\/uploads\/2022\/08\/DSC01999-300x200.jpg 300w, https:\/\/wolkentanz7.ch\/wp-content\/uploads\/2022\/08\/DSC01999-768x512.jpg 768w, https:\/\/wolkentanz7.ch\/wp-content\/uploads\/2022\/08\/DSC01999-1536x1024.jpg 1536w, https:\/\/wolkentanz7.ch\/wp-content\/uploads\/2022\/08\/DSC01999-2048x1365.jpg 2048w\" sizes=\"auto, (max-width: 1024px) 100vw, 1024px\" \/><figcaption class=\"wp-block-coblocks-gallery-collage__caption\"><\/figcaption><\/figure><\/li><\/ul><\/div>\n","protected":false},"excerpt":{"rendered":"<p>Geschenke f\u00fcr dich als Inspiration und f\u00fcr deine Lieben. Baumharzsalbe Pflanzenlik\u00f6r Naturmagie krea-magische Gegenst\u00e4nde Naturbilder Karten Naturbilderboxen individuell f\u00fcr dich zusammengestellt. Du sagts mir deine Anliegen und ich w\u00e4hle dir dazu Bilder aus. Naturbilderboxen f\u00fcr die Jahreskreisfeste Preise auf Anfrage<\/p>\n","protected":false},"author":2,"featured_media":139,"parent":0,"menu_order":0,"comment_status":"closed","ping_status":"closed","template":"","meta":{"_coblocks_attr":"","_coblocks_dimensions":"","_coblocks_responsive_height":"","_coblocks_accordion_ie_support":"","footnotes":""},"class_list":["post-252","page","type-page","status-publish","has-post-thumbnail","hentry"],"_links":{"self":[{"href":"https:\/\/wolkentanz7.ch\/index.php?rest_route=\/wp\/v2\/pages\/252","targetHints":{"allow":["GET"]}}],"collection":[{"href":"https:\/\/wolkentanz7.ch\/index.php?rest_route=\/wp\/v2\/pages"}],"about":[{"href":"https:\/\/wolkentanz7.ch\/index.php?rest_route=\/wp\/v2\/types\/page"}],"author":[{"embeddable":true,"href":"https:\/\/wolkentanz7.ch\/index.php?rest_route=\/wp\/v2\/users\/2"}],"replies":[{"embeddable":true,"href":"https:\/\/wolkentanz7.ch\/index.php?rest_route=%2Fwp%2Fv2%2Fcomments&post=252"}],"version-history":[{"count":10,"href":"https:\/\/wolkentanz7.ch\/index.php?rest_route=\/wp\/v2\/pages\/252\/revisions"}],"predecessor-version":[{"id":524,"href":"https:\/\/wolkentanz7.ch\/index.php?rest_route=\/wp\/v2\/pages\/252\/revisions\/524"}],"wp:featuredmedia":[{"embeddable":true,"href":"https:\/\/wolkentanz7.ch\/index.php?rest_route=\/wp\/v2\/media\/139"}],"wp:attachment":[{"href":"https:\/\/wolkentanz7.ch\/index.php?rest_route=%2Fwp%2Fv2%2Fmedia&parent=252"}],"curies":[{"name":"wp","href":"https:\/\/api.w.org\/{rel}","templated":true}]}}