{"id":94,"date":"2022-01-09T05:55:48","date_gmt":"2022-01-09T05:55:48","guid":{"rendered":"https:\/\/panaze.ch\/?page_id=94"},"modified":"2022-09-26T12:06:53","modified_gmt":"2022-09-26T12:06:53","slug":"marte-meo","status":"publish","type":"page","link":"https:\/\/wolkentanz7.ch\/?page_id=94","title":{"rendered":"Marte Meo Entwicklungsberatung"},"content":{"rendered":"\n<p class=\"has-text-align-left\" style=\"font-size:16px\">Eine Methode nach Maria Aarts <\/p>\n\n\n\n<p><\/p>\n\n\n\n<p class=\"has-text-align-left has-custom-font has-custom-weight has-custom-transform has-custom-lineheight has-custom-letterspacing\" style=\"font-family:Arial;line-height:1.3;letter-spacing:0.5px;font-weight:normal;text-transform:initial;font-size:23px\">Marte Meo bedeutet: aus eigener Kraft. \u00a0<\/p>\n\n\n\n<p class=\"has-text-align-left\">Maria Aarts hat eine wunderbare Methode entwickelt, die mir viel geholfen hat, mich in meiner Arbeit und in meinem pers\u00f6nlichen Leben zu entwickeln. <\/p>\n\n\n\n<p class=\"has-text-align-left\">Marte Meo ist eine Methode der Entwicklungsf\u00f6rderung und Beratung. Sie arbeitet zentral mit dem Bild (Video). Im Bild kann ich zeigen, was gelingt, wo Kraft ist und was die Entwicklung f\u00f6rdern kann. Marte Meo baut auf elementaren Grundlagen der Beziehung auf. <\/p>\n\n\n\n<p>Wir suchen die Kraft in der Beziehung. Mit kleinen \u00dcbungen werden Entwicklungsschritte erm\u00f6glicht. Durch St\u00e4rkung und Verbindung k\u00f6nnen die allt\u00e4glichen Aufgaben besser gemeinsam angegangen werden.\u00a0 So kann die Beziehung wachsen.<\/p>\n\n\n\n<p class=\"has-text-align-left\">Durch meine langj\u00e4hrige Erfahrung in der Begleitung von Menschen in unterschiedlichen Lebenssituationen, ist mir die Arbeit mit Marte Meo, in der die eigenen Ressourcen und die eigene Kraft ins Zentrum gestellt werden, wichtig geworden. Diese Kraft finden und mit Liebe gedeihen lassen, so  sehe ich meine Aufgabe in der Entwicklungsf\u00f6rderung.<\/p>\n\n\n\n<div class=\"wp-block-group\"><div class=\"wp-block-group__inner-container is-layout-flow wp-block-group-is-layout-flow\">\n<div class=\"wp-block-group coblocks-animate\" data-coblocks-animation=\"fadeIn\"><div class=\"wp-block-group__inner-container is-layout-flow wp-block-group-is-layout-flow\">\n<div class=\"wp-block-columns is-layout-flex wp-container-core-columns-is-layout-9d6595d7 wp-block-columns-is-layout-flex\">\n<div class=\"wp-block-column has-colibri-color-5-color has-colibri-color-3-background-color has-text-color has-background is-layout-flow wp-block-column-is-layout-flow\" style=\"flex-basis:100%\">\n<div class=\"wp-block-group\"><div class=\"wp-block-group__inner-container is-layout-flow wp-block-group-is-layout-flow\">\n<div class=\"wp-block-columns are-vertically-aligned-top is-layout-flex wp-container-core-columns-is-layout-9d6595d7 wp-block-columns-is-layout-flex\">\n<div class=\"wp-block-column is-vertically-aligned-top is-layout-flow wp-block-column-is-layout-flow\" style=\"flex-basis:25%\">\n<p class=\"has-text-align-center has-colibri-color-4-color has-colibri-color-5-background-color has-text-color has-background has-small-font-size has-custom-font has-custom-weight has-custom-transform has-custom-letterspacing\" style=\"letter-spacing:0.4px;font-family:Arial;font-weight:normal;text-transform:lowercase;font-size:23px\">sag es mir und ich werde es vergessen<\/p>\n<\/div>\n\n\n\n<div class=\"wp-block-column is-vertically-aligned-top is-layout-flow wp-block-column-is-layout-flow\" style=\"flex-basis:25%\">\n<p class=\"has-text-align-center has-colibri-color-4-color has-colibri-color-5-background-color has-text-color has-background has-small-font-size\" style=\"letter-spacing:-0.01em\">zeig es mir und ich werde mich erinnern<\/p>\n<\/div>\n\n\n\n<div class=\"wp-block-column is-vertically-aligned-top is-layout-flow wp-block-column-is-layout-flow\" style=\"flex-basis:25%\">\n<p class=\"has-text-align-center has-colibri-color-4-color has-colibri-color-5-background-color has-text-color has-background has-small-font-size\" style=\"letter-spacing:-0.01em\">beteilige mich und ich werde es verstehen<\/p>\n<\/div>\n\n\n\n<div class=\"wp-block-column is-vertically-aligned-top is-layout-flow wp-block-column-is-layout-flow\" style=\"flex-basis:25%\">\n<p class=\"has-text-align-center has-colibri-color-4-color has-colibri-color-5-background-color has-text-color has-background has-small-font-size\" style=\"letter-spacing:-0.01em\">Konfuzius<\/p>\n<\/div>\n<\/div>\n<\/div><\/div>\n<\/div>\n<\/div>\n<\/div><\/div>\n<\/div><\/div>\n\n\n\n<p><\/p>\n\n\n\n<p><\/p>\n\n\n\n<p><\/p>\n\n\n\n<p><\/p>\n\n\n\n<p><\/p>\n","protected":false},"excerpt":{"rendered":"<p>Eine Methode nach Maria Aarts Marte Meo bedeutet: aus eigener Kraft. \u00a0 Maria Aarts hat eine wunderbare Methode entwickelt, die mir viel geholfen hat, mich in meiner Arbeit und in meinem pers\u00f6nlichen Leben zu entwickeln. Marte Meo ist eine Methode der Entwicklungsf\u00f6rderung und Beratung. Sie arbeitet zentral mit dem Bild (Video). Im Bild kann ich [&hellip;]<\/p>\n","protected":false},"author":1,"featured_media":0,"parent":0,"menu_order":0,"comment_status":"closed","ping_status":"closed","template":"","meta":{"_coblocks_attr":"Arial,Arial","_coblocks_dimensions":"","_coblocks_responsive_height":"","_coblocks_accordion_ie_support":"","footnotes":""},"class_list":["post-94","page","type-page","status-publish","hentry"],"_links":{"self":[{"href":"https:\/\/wolkentanz7.ch\/index.php?rest_route=\/wp\/v2\/pages\/94","targetHints":{"allow":["GET"]}}],"collection":[{"href":"https:\/\/wolkentanz7.ch\/index.php?rest_route=\/wp\/v2\/pages"}],"about":[{"href":"https:\/\/wolkentanz7.ch\/index.php?rest_route=\/wp\/v2\/types\/page"}],"author":[{"embeddable":true,"href":"https:\/\/wolkentanz7.ch\/index.php?rest_route=\/wp\/v2\/users\/1"}],"replies":[{"embeddable":true,"href":"https:\/\/wolkentanz7.ch\/index.php?rest_route=%2Fwp%2Fv2%2Fcomments&post=94"}],"version-history":[{"count":19,"href":"https:\/\/wolkentanz7.ch\/index.php?rest_route=\/wp\/v2\/pages\/94\/revisions"}],"predecessor-version":[{"id":520,"href":"https:\/\/wolkentanz7.ch\/index.php?rest_route=\/wp\/v2\/pages\/94\/revisions\/520"}],"wp:attachment":[{"href":"https:\/\/wolkentanz7.ch\/index.php?rest_route=%2Fwp%2Fv2%2Fmedia&parent=94"}],"curies":[{"name":"wp","href":"https:\/\/api.w.org\/{rel}","templated":true}]}}